{"id":38,"date":"2018-06-11T20:39:16","date_gmt":"2018-06-11T20:39:16","guid":{"rendered":"https:\/\/simexmed.de\/kontakt\/"},"modified":"2018-08-07T14:44:15","modified_gmt":"2018-08-07T14:44:15","slug":"kontakt","status":"publish","type":"page","link":"https:\/\/simexmed.de\/en\/kontakt\/","title":{"rendered":"Simex Medizintechnik GmbH"},"content":{"rendered":"[mk_page_section min_height=&#8221;1000&#8243; padding_top=&#8221;0&#8243; padding_bottom=&#8221;0&#8243; sidebar=&#8221;sidebar-1&#8243;][vc_column][mk_custom_box padding_vertical=&#8221;0&#8243; padding_horizental=&#8221;0&#8243; margin_bottom=&#8221;0&#8243; min_height=&#8221;0&#8243;][vc_empty_space][vc_empty_space][\/mk_custom_box][mk_custom_box padding_vertical=&#8221;0&#8243; padding_horizental=&#8221;0&#8243; margin_bottom=&#8221;0&#8243; min_height=&#8221;0&#8243;][mk_custom_sidebar sidebar=&#8221;sidebar-15&#8243;][\/mk_custom_box][mk_custom_box padding_vertical=&#8221;0&#8243; padding_horizental=&#8221;0&#8243; margin_bottom=&#8221;0&#8243; min_height=&#8221;0&#8243;][mk_image src=&#8221;https:\/\/simexmed.de\/wp-content\/uploads\/2018\/06\/simexmed-logo.jpg&#8221; image_size=&#8221;full&#8221; align=&#8221;center&#8221;][\/mk_custom_box][mk_custom_box padding_vertical=&#8221;0&#8243; padding_horizental=&#8221;0&#8243; margin_bottom=&#8221;0&#8243; min_height=&#8221;0&#8243;][mk_fancy_title tag_name=&#8221;h1&#8243; color=&#8221;#3f3f3f&#8221; size=&#8221;18&#8243; force_font_size=&#8221;true&#8221; size_smallscreen=&#8221;18&#8243; size_tablet=&#8221;18&#8243; size_phone=&#8221;18&#8243; font_weight=&#8221;500&#8243; margin_bottom=&#8221;0&#8243; font_family=&#8221;none&#8221; align=&#8221;center&#8221;]Dear Visitor,[\/mk_fancy_title][vc_column_text align=&#8221;center&#8221; css=&#8221;.vc_custom_1529399612534{margin-bottom: 0px !important;}&#8221;]we are working on our new Website design and will be back online shortly. Meanwhile please use below form to contact us. Thank you very much for your comprehension.[\/vc_column_text][vc_empty_space height=&#8221;16px&#8221;][\/mk_custom_box][mk_custom_box padding_vertical=&#8221;0&#8243; padding_horizental=&#8221;0&#8243; margin_bottom=&#8221;0&#8243; min_height=&#8221;0&#8243;][vc_row_inner][vc_column_inner width=&#8221;1\/6&#8243;][\/vc_column_inner][vc_column_inner width=&#8221;2\/3&#8243;]\n<div class=\"wpcf7 no-js\" id=\"wpcf7-f37-o1\" lang=\"de-DE\" dir=\"ltr\" data-wpcf7-id=\"37\">\n<div class=\"screen-reader-response\"><p role=\"status\" aria-live=\"polite\" aria-atomic=\"true\"><\/p> <ul><\/ul><\/div>\n<form action=\"\/en\/wp-json\/wp\/v2\/pages\/38#wpcf7-f37-o1\" method=\"post\" class=\"wpcf7-form init\" aria-label=\"Kontaktformular\" novalidate=\"novalidate\" data-status=\"init\">\n<fieldset class=\"hidden-fields-container\"><input type=\"hidden\" name=\"_wpcf7\" value=\"37\" \/><input type=\"hidden\" name=\"_wpcf7_version\" value=\"6.1.4\" \/><input type=\"hidden\" name=\"_wpcf7_locale\" value=\"de_DE\" \/><input type=\"hidden\" name=\"_wpcf7_unit_tag\" value=\"wpcf7-f37-o1\" \/><input type=\"hidden\" name=\"_wpcf7_container_post\" value=\"0\" \/><input type=\"hidden\" name=\"_wpcf7_posted_data_hash\" value=\"\" \/><input type=\"hidden\" name=\"_wpcf7_recaptcha_response\" value=\"\" \/>\n<\/fieldset>\n<p><span class=\"wpcf7-form-control-wrap\" data-name=\"your-name\"><input size=\"40\" maxlength=\"400\" class=\"wpcf7-form-control wpcf7-text\" aria-invalid=\"false\" placeholder=\"Name\" value=\"\" type=\"text\" name=\"your-name\" \/><\/span>\n<\/p>\n<p><span class=\"wpcf7-form-control-wrap\" data-name=\"tele\"><input size=\"40\" maxlength=\"400\" class=\"wpcf7-form-control wpcf7-tel wpcf7-text wpcf7-validates-as-tel\" aria-invalid=\"false\" placeholder=\"Phone Number\" value=\"\" type=\"tel\" name=\"tele\" \/><\/span>\n<\/p>\n<p><span class=\"wpcf7-form-control-wrap\" data-name=\"your-email\"><input size=\"40\" maxlength=\"400\" class=\"wpcf7-form-control wpcf7-email wpcf7-validates-as-required wpcf7-text wpcf7-validates-as-email\" aria-required=\"true\" aria-invalid=\"false\" placeholder=\"Mail Adress*\" value=\"\" type=\"email\" name=\"your-email\" \/><\/span>\n<\/p>\n<p><span class=\"wpcf7-form-control-wrap\" data-name=\"your-subject\"><input size=\"40\" maxlength=\"400\" class=\"wpcf7-form-control wpcf7-text\" aria-invalid=\"false\" placeholder=\"Subject\" value=\"\" type=\"text\" name=\"your-subject\" \/><\/span>\n<\/p>\n<p><span class=\"wpcf7-form-control-wrap\" data-name=\"your-message\"><textarea cols=\"40\" rows=\"10\" maxlength=\"2000\" class=\"wpcf7-form-control wpcf7-textarea\" aria-invalid=\"false\" placeholder=\"Message\" name=\"your-message\"><\/textarea><\/span>\n<\/p>\n<p><span class=\"wpcf7-form-control-wrap\" data-name=\"datenschutzzustimmung\"><span class=\"wpcf7-form-control wpcf7-acceptance\"><span class=\"wpcf7-list-item\"><label><input type=\"checkbox\" name=\"datenschutzzustimmung\" value=\"1\" aria-invalid=\"false\" \/><span class=\"wpcf7-list-item-label\">Approval.<\/span><\/label><\/span><\/span><\/span> I duly noted the <b><a href=\"\/datenschutz\/\" target=\"blank\"> Privacy policy <\/a><\/b> and I agree that my personal data will only be used for answering my inquiry and will not be used for any other purpose and your personal data will not be saved.\n<\/p>\n<p><b>Hint:<\/b> Your compliance can be cancelled at anytime. Please contact<br \/>\n<a href=\"mailto:info@simexmed.de\" target=\"blank\">info@simexmed.de<\/a>.\n<\/p>\n<p>Your Information will not be delivered to third parties. We don\u2019t send you advertisements or spam.\n<\/p>\n<p><input class=\"wpcf7-form-control wpcf7-submit has-spinner\" type=\"submit\" value=\"Send\" \/>\n<\/p>\n\n\n<div class=\"wpcf7-response-output\" aria-hidden=\"true\"><\/div>\n<\/form>\n<\/div>\n[\/vc_column_inner][vc_column_inner width=&#8221;1\/6&#8243;][\/vc_column_inner][\/vc_row_inner][\/mk_custom_box][mk_custom_box padding_vertical=&#8221;0&#8243; padding_horizental=&#8221;0&#8243; margin_bottom=&#8221;0&#8243; min_height=&#8221;0&#8243;][vc_empty_space][vc_empty_space][\/mk_custom_box][\/vc_column][\/mk_page_section]\n","protected":false},"excerpt":{"rendered":"<p>[mk_page_section min_height=&#8221;1000&#8243; padding_top=&#8221;0&#8243; padding_bottom=&#8221;0&#8243; sidebar=&#8221;sidebar-1&#8243;][vc_column][mk_custom_box padding_vertical=&#8221;0&#8243; padding_horizental=&#8221;0&#8243; margin_bottom=&#8221;0&#8243; min_height=&#8221;0&#8243;][vc_empty_space][vc_empty_space][\/mk_custom_box][mk_custom_box padding_vertical=&#8221;0&#8243; padding_horizental=&#8221;0&#8243; margin_bottom=&#8221;0&#8243; min_height=&#8221;0&#8243;][mk_custom_sidebar sidebar=&#8221;sidebar-15&#8243;][\/mk_custom_box][mk_custom_box padding_vertical=&#8221;0&#8243; padding_horizental=&#8221;0&#8243; margin_bottom=&#8221;0&#8243; min_height=&#8221;0&#8243;][mk_image src=&#8221;https:\/\/simexmed.de\/wp-content\/uploads\/2018\/06\/simexmed-logo.jpg&#8221; image_size=&#8221;full&#8221; align=&#8221;center&#8221;][\/mk_custom_box][mk_custom_box padding_vertical=&#8221;0&#8243; padding_horizental=&#8221;0&#8243; margin_bottom=&#8221;0&#8243; min_height=&#8221;0&#8243;][mk_fancy_title tag_name=&#8221;h1&#8243; color=&#8221;#3f3f3f&#8221; size=&#8221;18&#8243; force_font_size=&#8221;true&#8221; size_smallscreen=&#8221;18&#8243; size_tablet=&#8221;18&#8243; size_phone=&#8221;18&#8243; font_weight=&#8221;500&#8243; margin_bottom=&#8221;0&#8243; font_family=&#8221;none&#8221; align=&#8221;center&#8221;]Dear Visitor,[\/mk_fancy_title][vc_column_text align=&#8221;center&#8221; css=&#8221;.vc_custom_1529399612534{margin-bottom: 0px !important;}&#8221;]we are working on our new Website design and will be back online shortly. Meanwhile [&hellip;]<\/p>\n","protected":false},"author":1,"featured_media":0,"parent":0,"menu_order":0,"comment_status":"closed","ping_status":"closed","template":"","meta":{"footnotes":""},"class_list":["post-38","page","type-page","status-publish","hentry"],"yoast_head":"<!-- This site is optimized with the Yoast SEO plugin v26.7 - https:\/\/yoast.com\/wordpress\/plugins\/seo\/ -->\n<title>Simex Medizintechnik GmbH - simex Medizintechnik GmbH<\/title>\n<meta name=\"robots\" content=\"noindex, nofollow\" \/>\n<meta property=\"og:locale\" content=\"en_US\" \/>\n<meta property=\"og:type\" content=\"article\" \/>\n<meta property=\"og:title\" content=\"Simex Medizintechnik GmbH - simex Medizintechnik GmbH\" \/>\n<meta property=\"og:description\" content=\"[mk_page_section min_height=&#8221;1000&#8243; padding_top=&#8221;0&#8243; padding_bottom=&#8221;0&#8243; sidebar=&#8221;sidebar-1&#8243;][vc_column][mk_custom_box padding_vertical=&#8221;0&#8243; padding_horizental=&#8221;0&#8243; margin_bottom=&#8221;0&#8243; min_height=&#8221;0&#8243;][vc_empty_space][vc_empty_space][\/mk_custom_box][mk_custom_box padding_vertical=&#8221;0&#8243; padding_horizental=&#8221;0&#8243; margin_bottom=&#8221;0&#8243; min_height=&#8221;0&#8243;][mk_custom_sidebar sidebar=&#8221;sidebar-15&#8243;][\/mk_custom_box][mk_custom_box padding_vertical=&#8221;0&#8243; padding_horizental=&#8221;0&#8243; margin_bottom=&#8221;0&#8243; min_height=&#8221;0&#8243;][mk_image src=&#8221;https:\/\/simexmed.de\/wp-content\/uploads\/2018\/06\/simexmed-logo.jpg&#8221; image_size=&#8221;full&#8221; align=&#8221;center&#8221;][\/mk_custom_box][mk_custom_box padding_vertical=&#8221;0&#8243; padding_horizental=&#8221;0&#8243; margin_bottom=&#8221;0&#8243; min_height=&#8221;0&#8243;][mk_fancy_title tag_name=&#8221;h1&#8243; color=&#8221;#3f3f3f&#8221; size=&#8221;18&#8243; force_font_size=&#8221;true&#8221; size_smallscreen=&#8221;18&#8243; size_tablet=&#8221;18&#8243; size_phone=&#8221;18&#8243; font_weight=&#8221;500&#8243; margin_bottom=&#8221;0&#8243; font_family=&#8221;none&#8221; align=&#8221;center&#8221;]Dear Visitor,[\/mk_fancy_title][vc_column_text align=&#8221;center&#8221; css=&#8221;.vc_custom_1529399612534{margin-bottom: 0px !important;}&#8221;]we are working on our new Website design and will be back online shortly. Meanwhile [&hellip;]\" \/>\n<meta property=\"og:url\" content=\"https:\/\/simexmed.de\/en\/kontakt\/\" \/>\n<meta property=\"og:site_name\" content=\"simex Medizintechnik GmbH\" \/>\n<meta property=\"article:modified_time\" content=\"2018-08-07T14:44:15+00:00\" \/>\n<meta name=\"twitter:card\" content=\"summary_large_image\" \/>\n<meta name=\"twitter:label1\" content=\"Est. reading time\" \/>\n\t<meta name=\"twitter:data1\" content=\"1 minute\" \/>\n<script type=\"application\/ld+json\" class=\"yoast-schema-graph\">{\"@context\":\"https:\/\/schema.org\",\"@graph\":[{\"@type\":\"WebPage\",\"@id\":\"https:\/\/simexmed.de\/en\/kontakt\/\",\"url\":\"https:\/\/simexmed.de\/en\/kontakt\/\",\"name\":\"Simex Medizintechnik GmbH - simex Medizintechnik GmbH\",\"isPartOf\":{\"@id\":\"https:\/\/simexmed.de\/#website\"},\"datePublished\":\"2018-06-11T20:39:16+00:00\",\"dateModified\":\"2018-08-07T14:44:15+00:00\",\"breadcrumb\":{\"@id\":\"https:\/\/simexmed.de\/en\/kontakt\/#breadcrumb\"},\"inLanguage\":\"en-US\",\"potentialAction\":[{\"@type\":\"ReadAction\",\"target\":[\"https:\/\/simexmed.de\/en\/kontakt\/\"]}]},{\"@type\":\"BreadcrumbList\",\"@id\":\"https:\/\/simexmed.de\/en\/kontakt\/#breadcrumb\",\"itemListElement\":[{\"@type\":\"ListItem\",\"position\":1,\"name\":\"Startseite\",\"item\":\"https:\/\/simexmed.de\/en\/\"},{\"@type\":\"ListItem\",\"position\":2,\"name\":\"Simex Medizintechnik GmbH\"}]},{\"@type\":\"WebSite\",\"@id\":\"https:\/\/simexmed.de\/#website\",\"url\":\"https:\/\/simexmed.de\/\",\"name\":\"simex Medizintechnik GmbH\",\"description\":\"ist ein mittelst\u00e4ndisches Unternehmen, welches sich seit Gr\u00fcndung zu einem fachkundigen und zuverl\u00e4ssigen Partner f\u00fcr medizinische Fachkr\u00e4fte und Fachh\u00e4ndler weltweit entwickelt hat.\",\"publisher\":{\"@id\":\"https:\/\/simexmed.de\/#organization\"},\"potentialAction\":[{\"@type\":\"SearchAction\",\"target\":{\"@type\":\"EntryPoint\",\"urlTemplate\":\"https:\/\/simexmed.de\/?s={search_term_string}\"},\"query-input\":{\"@type\":\"PropertyValueSpecification\",\"valueRequired\":true,\"valueName\":\"search_term_string\"}}],\"inLanguage\":\"en-US\"},{\"@type\":\"Organization\",\"@id\":\"https:\/\/simexmed.de\/#organization\",\"name\":\"simex Medizintechnik GmbH\",\"url\":\"https:\/\/simexmed.de\/\",\"logo\":{\"@type\":\"ImageObject\",\"inLanguage\":\"en-US\",\"@id\":\"https:\/\/simexmed.de\/#\/schema\/logo\/image\/\",\"url\":\"https:\/\/simexmed.de\/wp-content\/uploads\/2018\/06\/simexmed-logo.jpg\",\"contentUrl\":\"https:\/\/simexmed.de\/wp-content\/uploads\/2018\/06\/simexmed-logo.jpg\",\"width\":198,\"height\":79,\"caption\":\"simex Medizintechnik GmbH\"},\"image\":{\"@id\":\"https:\/\/simexmed.de\/#\/schema\/logo\/image\/\"}}]}<\/script>\n<!-- \/ Yoast SEO plugin. -->","yoast_head_json":{"title":"Simex Medizintechnik GmbH - simex Medizintechnik GmbH","robots":{"index":"noindex","follow":"nofollow"},"og_locale":"en_US","og_type":"article","og_title":"Simex Medizintechnik GmbH - simex Medizintechnik GmbH","og_description":"[mk_page_section min_height=&#8221;1000&#8243; padding_top=&#8221;0&#8243; padding_bottom=&#8221;0&#8243; sidebar=&#8221;sidebar-1&#8243;][vc_column][mk_custom_box padding_vertical=&#8221;0&#8243; padding_horizental=&#8221;0&#8243; margin_bottom=&#8221;0&#8243; min_height=&#8221;0&#8243;][vc_empty_space][vc_empty_space][\/mk_custom_box][mk_custom_box padding_vertical=&#8221;0&#8243; padding_horizental=&#8221;0&#8243; margin_bottom=&#8221;0&#8243; min_height=&#8221;0&#8243;][mk_custom_sidebar sidebar=&#8221;sidebar-15&#8243;][\/mk_custom_box][mk_custom_box padding_vertical=&#8221;0&#8243; padding_horizental=&#8221;0&#8243; margin_bottom=&#8221;0&#8243; min_height=&#8221;0&#8243;][mk_image src=&#8221;https:\/\/simexmed.de\/wp-content\/uploads\/2018\/06\/simexmed-logo.jpg&#8221; image_size=&#8221;full&#8221; align=&#8221;center&#8221;][\/mk_custom_box][mk_custom_box padding_vertical=&#8221;0&#8243; padding_horizental=&#8221;0&#8243; margin_bottom=&#8221;0&#8243; min_height=&#8221;0&#8243;][mk_fancy_title tag_name=&#8221;h1&#8243; color=&#8221;#3f3f3f&#8221; size=&#8221;18&#8243; force_font_size=&#8221;true&#8221; size_smallscreen=&#8221;18&#8243; size_tablet=&#8221;18&#8243; size_phone=&#8221;18&#8243; font_weight=&#8221;500&#8243; margin_bottom=&#8221;0&#8243; font_family=&#8221;none&#8221; align=&#8221;center&#8221;]Dear Visitor,[\/mk_fancy_title][vc_column_text align=&#8221;center&#8221; css=&#8221;.vc_custom_1529399612534{margin-bottom: 0px !important;}&#8221;]we are working on our new Website design and will be back online shortly. Meanwhile [&hellip;]","og_url":"https:\/\/simexmed.de\/en\/kontakt\/","og_site_name":"simex Medizintechnik GmbH","article_modified_time":"2018-08-07T14:44:15+00:00","twitter_card":"summary_large_image","twitter_misc":{"Est. reading time":"1 minute"},"schema":{"@context":"https:\/\/schema.org","@graph":[{"@type":"WebPage","@id":"https:\/\/simexmed.de\/en\/kontakt\/","url":"https:\/\/simexmed.de\/en\/kontakt\/","name":"Simex Medizintechnik GmbH - simex Medizintechnik GmbH","isPartOf":{"@id":"https:\/\/simexmed.de\/#website"},"datePublished":"2018-06-11T20:39:16+00:00","dateModified":"2018-08-07T14:44:15+00:00","breadcrumb":{"@id":"https:\/\/simexmed.de\/en\/kontakt\/#breadcrumb"},"inLanguage":"en-US","potentialAction":[{"@type":"ReadAction","target":["https:\/\/simexmed.de\/en\/kontakt\/"]}]},{"@type":"BreadcrumbList","@id":"https:\/\/simexmed.de\/en\/kontakt\/#breadcrumb","itemListElement":[{"@type":"ListItem","position":1,"name":"Startseite","item":"https:\/\/simexmed.de\/en\/"},{"@type":"ListItem","position":2,"name":"Simex Medizintechnik GmbH"}]},{"@type":"WebSite","@id":"https:\/\/simexmed.de\/#website","url":"https:\/\/simexmed.de\/","name":"simex Medizintechnik GmbH","description":"ist ein mittelst\u00e4ndisches Unternehmen, welches sich seit Gr\u00fcndung zu einem fachkundigen und zuverl\u00e4ssigen Partner f\u00fcr medizinische Fachkr\u00e4fte und Fachh\u00e4ndler weltweit entwickelt hat.","publisher":{"@id":"https:\/\/simexmed.de\/#organization"},"potentialAction":[{"@type":"SearchAction","target":{"@type":"EntryPoint","urlTemplate":"https:\/\/simexmed.de\/?s={search_term_string}"},"query-input":{"@type":"PropertyValueSpecification","valueRequired":true,"valueName":"search_term_string"}}],"inLanguage":"en-US"},{"@type":"Organization","@id":"https:\/\/simexmed.de\/#organization","name":"simex Medizintechnik GmbH","url":"https:\/\/simexmed.de\/","logo":{"@type":"ImageObject","inLanguage":"en-US","@id":"https:\/\/simexmed.de\/#\/schema\/logo\/image\/","url":"https:\/\/simexmed.de\/wp-content\/uploads\/2018\/06\/simexmed-logo.jpg","contentUrl":"https:\/\/simexmed.de\/wp-content\/uploads\/2018\/06\/simexmed-logo.jpg","width":198,"height":79,"caption":"simex Medizintechnik GmbH"},"image":{"@id":"https:\/\/simexmed.de\/#\/schema\/logo\/image\/"}}]}},"_links":{"self":[{"href":"https:\/\/simexmed.de\/en\/wp-json\/wp\/v2\/pages\/38","targetHints":{"allow":["GET"]}}],"collection":[{"href":"https:\/\/simexmed.de\/en\/wp-json\/wp\/v2\/pages"}],"about":[{"href":"https:\/\/simexmed.de\/en\/wp-json\/wp\/v2\/types\/page"}],"author":[{"embeddable":true,"href":"https:\/\/simexmed.de\/en\/wp-json\/wp\/v2\/users\/1"}],"replies":[{"embeddable":true,"href":"https:\/\/simexmed.de\/en\/wp-json\/wp\/v2\/comments?post=38"}],"version-history":[{"count":0,"href":"https:\/\/simexmed.de\/en\/wp-json\/wp\/v2\/pages\/38\/revisions"}],"wp:attachment":[{"href":"https:\/\/simexmed.de\/en\/wp-json\/wp\/v2\/media?parent=38"}],"curies":[{"name":"wp","href":"https:\/\/api.w.org\/{rel}","templated":true}]}}