{"id":684,"date":"2018-08-07T09:34:46","date_gmt":"2018-08-07T09:34:46","guid":{"rendered":"https:\/\/simexmed.de\/?page_id=684"},"modified":"2018-08-14T13:35:44","modified_gmt":"2018-08-14T13:35:44","slug":"company-description","status":"publish","type":"page","link":"https:\/\/simexmed.de\/en\/company-description\/","title":{"rendered":"company description"},"content":{"rendered":"[mk_page_section bg_image=&#8221;https:\/\/simexmed.de\/wp-content\/uploads\/2018\/06\/slider-background.jpg&#8221; bg_position=&#8221;center center&#8221; bg_repeat=&#8221;no-repeat&#8221; bg_stretch=&#8221;true&#8221; enable_3d=&#8221;true&#8221; min_height=&#8221;0&#8243; padding_top=&#8221;0&#8243; padding_bottom=&#8221;0&#8243; sidebar=&#8221;sidebar-1&#8243;][vc_column][mk_custom_box padding_vertical=&#8221;0&#8243; padding_horizental=&#8221;0&#8243; margin_bottom=&#8221;0&#8243; min_height=&#8221;0&#8243;][vc_empty_space][vc_empty_space][\/mk_custom_box][mk_custom_box padding_vertical=&#8221;0&#8243; padding_horizental=&#8221;0&#8243; margin_bottom=&#8221;0&#8243; min_height=&#8221;0&#8243;][vc_row_inner][vc_column_inner][mk_fancy_title color=&#8221;#143055&#8243; size=&#8221;48&#8243; force_font_size=&#8221;true&#8221; size_smallscreen=&#8221;28&#8243; size_tablet=&#8221;24&#8243; size_phone=&#8221;18&#8243; font_weight=&#8221;bold&#8221; font_style=&#8221;normal&#8221; txt_transform=&#8221;none&#8221; margin_bottom=&#8221;0&#8243; font_family=&#8221;none&#8221; align=&#8221;center&#8221; animation=&#8221;fade-in&#8221;]simex Medizintechnik[\/mk_fancy_title][mk_fancy_title tag_name=&#8221;h3&#8243; color=&#8221;#dc8712&#8243; size=&#8221;18&#8243; force_font_size=&#8221;true&#8221; size_smallscreen=&#8221;18&#8243; size_tablet=&#8221;16&#8243; size_phone=&#8221;16&#8243; font_weight=&#8221;bold&#8221; font_style=&#8221;normal&#8221; txt_transform=&#8221;none&#8221; margin_bottom=&#8221;0&#8243; font_family=&#8221;none&#8221; align=&#8221;center&#8221; animation=&#8221;fade-in&#8221;]since 1994 &#8211; 10.000+ Products[\/mk_fancy_title][\/vc_column_inner][\/vc_row_inner][\/mk_custom_box][mk_custom_box padding_vertical=&#8221;0&#8243; padding_horizental=&#8221;0&#8243; margin_bottom=&#8221;0&#8243; min_height=&#8221;0&#8243;][vc_empty_space][\/mk_custom_box][mk_custom_box padding_vertical=&#8221;0&#8243; padding_horizental=&#8221;0&#8243; margin_bottom=&#8221;0&#8243; min_height=&#8221;0&#8243;][vc_empty_space][\/mk_custom_box][\/vc_column][\/mk_page_section][mk_page_section bg_image=&#8221;https:\/\/simexmed.de\/wp-content\/uploads\/2018\/06\/punkt-background.jpg&#8221; bg_position=&#8221;center center&#8221; enable_3d=&#8221;true&#8221; min_height=&#8221;0&#8243; padding_top=&#8221;0&#8243; padding_bottom=&#8221;0&#8243; sidebar=&#8221;sidebar-1&#8243;][vc_column][mk_custom_box padding_vertical=&#8221;0&#8243; padding_horizental=&#8221;0&#8243; margin_bottom=&#8221;100&#8243; min_height=&#8221;0&#8243;][vc_empty_space height=&#8221;16px&#8221;][\/mk_custom_box][mk_custom_box padding_vertical=&#8221;0&#8243; padding_horizental=&#8221;0&#8243; margin_bottom=&#8221;0&#8243; min_height=&#8221;0&#8243;][vc_row_inner][vc_column_inner width=&#8221;1\/4&#8243;][\/vc_column_inner][vc_column_inner width=&#8221;1\/2&#8243;][vc_raw_html]JTNDaWZyYW1lJTIwd2lkdGglM0QlMjI1NDAlMjIlMjBoZWlnaHQlM0QlMjIzMTUlMjIlMjBzcmMlM0QlMjJodHRwcyUzQSUyRiUyRnd3dy55b3V0dWJlLW5vY29va2llLmNvbSUyRmVtYmVkJTJGWXRYeDRnZDhiY0ElMjIlMjBmcmFtZWJvcmRlciUzRCUyMjAlMjIlMjBhbGxvdyUzRCUyMmF1dG9wbGF5JTNCJTIwZW5jcnlwdGVkLW1lZGlhJTIyJTIwYWxsb3dmdWxsc2NyZWVuJTNFJTNDJTJGaWZyYW1lJTNF[\/vc_raw_html][\/vc_column_inner][vc_column_inner width=&#8221;1\/4&#8243;][\/vc_column_inner][\/vc_row_inner][\/mk_custom_box][mk_custom_box padding_vertical=&#8221;0&#8243; padding_horizental=&#8221;0&#8243; margin_bottom=&#8221;0&#8243; min_height=&#8221;0&#8243;][vc_row_inner][vc_column_inner][vc_empty_space height=&#8221;16px&#8221;][vc_column_text align=&#8221;center&#8221; css=&#8221;.vc_custom_1533634432517{margin-bottom: 0px !important;}&#8221;]\n<p class=\"p1\">simex Medizintechnik was founded in 1994 and developed since to a knowledgeable and reliable partner for the medical professionals and distributors worldwide.Highest quality standards and excellent customer service has earned us an above average recognition in the International Market. To maintain our quality standards we introduced our Quality Management System according to Din EN ISO 13485 succesfully in 1997.<\/p>\n<p class=\"p1\">With a range of over 10.000 quality surgical products is able to provide full support in Tender or Turn-Key Projects. Further services offered are procurement of Medical Equipment and Consumables.<\/p>\n[\/vc_column_text][vc_empty_space height=&#8221;16px&#8221;][\/vc_column_inner][\/vc_row_inner][\/mk_custom_box][\/vc_column][\/mk_page_section][mk_page_section bg_image=&#8221;https:\/\/simexmed.de\/wp-content\/uploads\/2018\/06\/wellen-background.jpg&#8221; bg_position=&#8221;center center&#8221; bg_stretch=&#8221;true&#8221; enable_3d=&#8221;true&#8221; min_height=&#8221;0&#8243; padding_top=&#8221;0&#8243; padding_bottom=&#8221;0&#8243; sidebar=&#8221;sidebar-1&#8243;][vc_column][mk_custom_box padding_vertical=&#8221;0&#8243; padding_horizental=&#8221;0&#8243; margin_bottom=&#8221;100&#8243; min_height=&#8221;0&#8243;][vc_row_inner][vc_column_inner width=&#8221;1\/6&#8243;][\/vc_column_inner][vc_column_inner width=&#8221;2\/3&#8243;][mk_image src=&#8221;https:\/\/simexmed.de\/wp-content\/uploads\/2018\/08\/simex-standort.png&#8221; image_size=&#8221;full&#8221; align=&#8221;center&#8221; margin_bottom=&#8221;0&#8243;][vc_empty_space height=&#8221;16px&#8221;][vc_column_text align=&#8221;center&#8221; css=&#8221;.vc_custom_1533634443520{margin-bottom: 0px !important;}&#8221;]\n<p class=\"p1\">Our company is located since more than 20 years in Dei\u00dflingen, at the origin of the river Neckar between the towns of Villingen-Schwenningen and Rottweil.<\/p>\n[\/vc_column_text][\/vc_column_inner][vc_column_inner width=&#8221;1\/6&#8243;][\/vc_column_inner][\/vc_row_inner][\/mk_custom_box][\/vc_column][\/mk_page_section][mk_page_section bg_image=&#8221;https:\/\/simexmed.de\/wp-content\/uploads\/2018\/06\/punkt-background.jpg&#8221; bg_position=&#8221;center center&#8221; enable_3d=&#8221;true&#8221; min_height=&#8221;0&#8243; padding_top=&#8221;0&#8243; padding_bottom=&#8221;0&#8243; bottom_shape_size=&#8221;small&#8221; bottom_shape_color=&#8221;#ffffff&#8221; sidebar=&#8221;sidebar-1&#8243;][vc_column][mk_custom_box padding_vertical=&#8221;0&#8243; padding_horizental=&#8221;0&#8243; margin_bottom=&#8221;0&#8243; min_height=&#8221;0&#8243;][vc_row_inner][vc_column_inner][vc_empty_space][\/vc_column_inner][\/vc_row_inner][\/mk_custom_box][mk_custom_box padding_vertical=&#8221;0&#8243; padding_horizental=&#8221;0&#8243; margin_bottom=&#8221;30&#8243; min_height=&#8221;0&#8243;][vc_row_inner][vc_column_inner][mk_fancy_title tag_name=&#8221;h3&#8243; color=&#8221;#4b4b4d&#8221; size=&#8221;18&#8243; force_font_size=&#8221;true&#8221; size_smallscreen=&#8221;18&#8243; size_tablet=&#8221;16&#8243; size_phone=&#8221;16&#8243; font_weight=&#8221;bold&#8221; font_style=&#8221;normal&#8221; txt_transform=&#8221;none&#8221; margin_bottom=&#8221;0&#8243; font_family=&#8221;none&#8221; align=&#8221;center&#8221;]Do you have any questions or interest on our products?[\/mk_fancy_title][mk_button dimension=&#8221;flat&#8221; corner_style=&#8221;full_rounded&#8221; size=&#8221;medium&#8221; url=&#8221;\/en\/contact\/&#8221; align=&#8221;center&#8221; margin_bottom=&#8221;10&#8243; margin_right=&#8221;0&#8243; bg_color=&#8221;#239df1&#8243; btn_hover_bg=&#8221;#143055&#8243; btn_hover_txt_color=&#8221;#ffffff&#8221;]contact[\/mk_button][\/vc_column_inner][\/vc_row_inner][\/mk_custom_box][mk_custom_box padding_vertical=&#8221;0&#8243; padding_horizental=&#8221;0&#8243; margin_bottom=&#8221;0&#8243; min_height=&#8221;0&#8243;][vc_row_inner][vc_column_inner][vc_empty_space][\/vc_column_inner][vc_column_inner][\/vc_column_inner][\/vc_row_inner][\/mk_custom_box][\/vc_column][\/mk_page_section]\n","protected":false},"excerpt":{"rendered":"<p>[mk_page_section bg_image=&#8221;https:\/\/simexmed.de\/wp-content\/uploads\/2018\/06\/slider-background.jpg&#8221; bg_position=&#8221;center center&#8221; bg_repeat=&#8221;no-repeat&#8221; bg_stretch=&#8221;true&#8221; enable_3d=&#8221;true&#8221; min_height=&#8221;0&#8243; padding_top=&#8221;0&#8243; padding_bottom=&#8221;0&#8243; sidebar=&#8221;sidebar-1&#8243;][vc_column][mk_custom_box padding_vertical=&#8221;0&#8243; padding_horizental=&#8221;0&#8243; margin_bottom=&#8221;0&#8243; min_height=&#8221;0&#8243;][vc_empty_space][vc_empty_space][\/mk_custom_box][mk_custom_box padding_vertical=&#8221;0&#8243; padding_horizental=&#8221;0&#8243; margin_bottom=&#8221;0&#8243; min_height=&#8221;0&#8243;][vc_row_inner][vc_column_inner][mk_fancy_title color=&#8221;#143055&#8243; size=&#8221;48&#8243; force_font_size=&#8221;true&#8221; size_smallscreen=&#8221;28&#8243; size_tablet=&#8221;24&#8243; size_phone=&#8221;18&#8243; font_weight=&#8221;bold&#8221; font_style=&#8221;normal&#8221; txt_transform=&#8221;none&#8221; margin_bottom=&#8221;0&#8243; font_family=&#8221;none&#8221; align=&#8221;center&#8221; animation=&#8221;fade-in&#8221;]simex Medizintechnik[\/mk_fancy_title][mk_fancy_title tag_name=&#8221;h3&#8243; color=&#8221;#dc8712&#8243; size=&#8221;18&#8243; force_font_size=&#8221;true&#8221; size_smallscreen=&#8221;18&#8243; size_tablet=&#8221;16&#8243; size_phone=&#8221;16&#8243; font_weight=&#8221;bold&#8221; font_style=&#8221;normal&#8221; txt_transform=&#8221;none&#8221; margin_bottom=&#8221;0&#8243; font_family=&#8221;none&#8221; align=&#8221;center&#8221; animation=&#8221;fade-in&#8221;]since 1994 &#8211; 10.000+ Products[\/mk_fancy_title][\/vc_column_inner][\/vc_row_inner][\/mk_custom_box][mk_custom_box padding_vertical=&#8221;0&#8243; padding_horizental=&#8221;0&#8243; margin_bottom=&#8221;0&#8243; min_height=&#8221;0&#8243;][vc_empty_space][\/mk_custom_box][mk_custom_box [&hellip;]<\/p>\n","protected":false},"author":1,"featured_media":0,"parent":0,"menu_order":0,"comment_status":"closed","ping_status":"closed","template":"","meta":{"footnotes":""},"class_list":["post-684","page","type-page","status-publish","hentry"],"yoast_head":"<!-- This site is optimized with the Yoast SEO plugin v26.7 - https:\/\/yoast.com\/wordpress\/plugins\/seo\/ -->\n<title>Simex Medizintechnik GmbH - Unternehmensbeschreibung<\/title>\n<meta name=\"description\" content=\"Die simex Medizintechnik GmbH ist ein mittelst\u00e4ndisches Unternehmen, welches sich seit Gr\u00fcndung zu einem fachkundigen und zuverl\u00e4ssigen Partner f\u00fcr...\" \/>\n<meta name=\"robots\" content=\"index, follow, max-snippet:-1, max-image-preview:large, max-video-preview:-1\" \/>\n<link rel=\"canonical\" href=\"https:\/\/simexmed.de\/en\/company-description\/\" \/>\n<meta property=\"og:locale\" content=\"en_US\" \/>\n<meta property=\"og:type\" content=\"article\" \/>\n<meta property=\"og:title\" content=\"Simex Medizintechnik GmbH - Unternehmensbeschreibung\" \/>\n<meta property=\"og:description\" content=\"Die simex Medizintechnik GmbH ist ein mittelst\u00e4ndisches Unternehmen, welches sich seit Gr\u00fcndung zu einem fachkundigen und zuverl\u00e4ssigen Partner f\u00fcr...\" \/>\n<meta property=\"og:url\" content=\"https:\/\/simexmed.de\/en\/company-description\/\" \/>\n<meta property=\"og:site_name\" content=\"simex Medizintechnik GmbH\" \/>\n<meta property=\"article:modified_time\" content=\"2018-08-14T13:35:44+00:00\" \/>\n<meta name=\"twitter:card\" content=\"summary_large_image\" \/>\n<meta name=\"twitter:label1\" content=\"Est. reading time\" \/>\n\t<meta name=\"twitter:data1\" content=\"4 minutes\" \/>\n<script type=\"application\/ld+json\" class=\"yoast-schema-graph\">{\"@context\":\"https:\/\/schema.org\",\"@graph\":[{\"@type\":\"WebPage\",\"@id\":\"https:\/\/simexmed.de\/en\/company-description\/\",\"url\":\"https:\/\/simexmed.de\/en\/company-description\/\",\"name\":\"Simex Medizintechnik GmbH - Unternehmensbeschreibung\",\"isPartOf\":{\"@id\":\"https:\/\/simexmed.de\/#website\"},\"datePublished\":\"2018-08-07T09:34:46+00:00\",\"dateModified\":\"2018-08-14T13:35:44+00:00\",\"description\":\"Die simex Medizintechnik GmbH ist ein mittelst\u00e4ndisches Unternehmen, welches sich seit Gr\u00fcndung zu einem fachkundigen und zuverl\u00e4ssigen Partner f\u00fcr...\",\"breadcrumb\":{\"@id\":\"https:\/\/simexmed.de\/en\/company-description\/#breadcrumb\"},\"inLanguage\":\"en-US\",\"potentialAction\":[{\"@type\":\"ReadAction\",\"target\":[\"https:\/\/simexmed.de\/en\/company-description\/\"]}]},{\"@type\":\"BreadcrumbList\",\"@id\":\"https:\/\/simexmed.de\/en\/company-description\/#breadcrumb\",\"itemListElement\":[{\"@type\":\"ListItem\",\"position\":1,\"name\":\"Startseite\",\"item\":\"https:\/\/simexmed.de\/en\/\"},{\"@type\":\"ListItem\",\"position\":2,\"name\":\"company description\"}]},{\"@type\":\"WebSite\",\"@id\":\"https:\/\/simexmed.de\/#website\",\"url\":\"https:\/\/simexmed.de\/\",\"name\":\"simex Medizintechnik GmbH\",\"description\":\"ist ein mittelst\u00e4ndisches Unternehmen, welches sich seit Gr\u00fcndung zu einem fachkundigen und zuverl\u00e4ssigen Partner f\u00fcr medizinische Fachkr\u00e4fte und Fachh\u00e4ndler weltweit entwickelt hat.\",\"publisher\":{\"@id\":\"https:\/\/simexmed.de\/#organization\"},\"potentialAction\":[{\"@type\":\"SearchAction\",\"target\":{\"@type\":\"EntryPoint\",\"urlTemplate\":\"https:\/\/simexmed.de\/?s={search_term_string}\"},\"query-input\":{\"@type\":\"PropertyValueSpecification\",\"valueRequired\":true,\"valueName\":\"search_term_string\"}}],\"inLanguage\":\"en-US\"},{\"@type\":\"Organization\",\"@id\":\"https:\/\/simexmed.de\/#organization\",\"name\":\"simex Medizintechnik GmbH\",\"url\":\"https:\/\/simexmed.de\/\",\"logo\":{\"@type\":\"ImageObject\",\"inLanguage\":\"en-US\",\"@id\":\"https:\/\/simexmed.de\/#\/schema\/logo\/image\/\",\"url\":\"https:\/\/simexmed.de\/wp-content\/uploads\/2018\/06\/simexmed-logo.jpg\",\"contentUrl\":\"https:\/\/simexmed.de\/wp-content\/uploads\/2018\/06\/simexmed-logo.jpg\",\"width\":198,\"height\":79,\"caption\":\"simex Medizintechnik GmbH\"},\"image\":{\"@id\":\"https:\/\/simexmed.de\/#\/schema\/logo\/image\/\"}}]}<\/script>\n<!-- \/ Yoast SEO plugin. -->","yoast_head_json":{"title":"Simex Medizintechnik GmbH - Unternehmensbeschreibung","description":"Die simex Medizintechnik GmbH ist ein mittelst\u00e4ndisches Unternehmen, welches sich seit Gr\u00fcndung zu einem fachkundigen und zuverl\u00e4ssigen Partner f\u00fcr...","robots":{"index":"index","follow":"follow","max-snippet":"max-snippet:-1","max-image-preview":"max-image-preview:large","max-video-preview":"max-video-preview:-1"},"canonical":"https:\/\/simexmed.de\/en\/company-description\/","og_locale":"en_US","og_type":"article","og_title":"Simex Medizintechnik GmbH - Unternehmensbeschreibung","og_description":"Die simex Medizintechnik GmbH ist ein mittelst\u00e4ndisches Unternehmen, welches sich seit Gr\u00fcndung zu einem fachkundigen und zuverl\u00e4ssigen Partner f\u00fcr...","og_url":"https:\/\/simexmed.de\/en\/company-description\/","og_site_name":"simex Medizintechnik GmbH","article_modified_time":"2018-08-14T13:35:44+00:00","twitter_card":"summary_large_image","twitter_misc":{"Est. reading time":"4 minutes"},"schema":{"@context":"https:\/\/schema.org","@graph":[{"@type":"WebPage","@id":"https:\/\/simexmed.de\/en\/company-description\/","url":"https:\/\/simexmed.de\/en\/company-description\/","name":"Simex Medizintechnik GmbH - Unternehmensbeschreibung","isPartOf":{"@id":"https:\/\/simexmed.de\/#website"},"datePublished":"2018-08-07T09:34:46+00:00","dateModified":"2018-08-14T13:35:44+00:00","description":"Die simex Medizintechnik GmbH ist ein mittelst\u00e4ndisches Unternehmen, welches sich seit Gr\u00fcndung zu einem fachkundigen und zuverl\u00e4ssigen Partner f\u00fcr...","breadcrumb":{"@id":"https:\/\/simexmed.de\/en\/company-description\/#breadcrumb"},"inLanguage":"en-US","potentialAction":[{"@type":"ReadAction","target":["https:\/\/simexmed.de\/en\/company-description\/"]}]},{"@type":"BreadcrumbList","@id":"https:\/\/simexmed.de\/en\/company-description\/#breadcrumb","itemListElement":[{"@type":"ListItem","position":1,"name":"Startseite","item":"https:\/\/simexmed.de\/en\/"},{"@type":"ListItem","position":2,"name":"company description"}]},{"@type":"WebSite","@id":"https:\/\/simexmed.de\/#website","url":"https:\/\/simexmed.de\/","name":"simex Medizintechnik GmbH","description":"ist ein mittelst\u00e4ndisches Unternehmen, welches sich seit Gr\u00fcndung zu einem fachkundigen und zuverl\u00e4ssigen Partner f\u00fcr medizinische Fachkr\u00e4fte und Fachh\u00e4ndler weltweit entwickelt hat.","publisher":{"@id":"https:\/\/simexmed.de\/#organization"},"potentialAction":[{"@type":"SearchAction","target":{"@type":"EntryPoint","urlTemplate":"https:\/\/simexmed.de\/?s={search_term_string}"},"query-input":{"@type":"PropertyValueSpecification","valueRequired":true,"valueName":"search_term_string"}}],"inLanguage":"en-US"},{"@type":"Organization","@id":"https:\/\/simexmed.de\/#organization","name":"simex Medizintechnik GmbH","url":"https:\/\/simexmed.de\/","logo":{"@type":"ImageObject","inLanguage":"en-US","@id":"https:\/\/simexmed.de\/#\/schema\/logo\/image\/","url":"https:\/\/simexmed.de\/wp-content\/uploads\/2018\/06\/simexmed-logo.jpg","contentUrl":"https:\/\/simexmed.de\/wp-content\/uploads\/2018\/06\/simexmed-logo.jpg","width":198,"height":79,"caption":"simex Medizintechnik GmbH"},"image":{"@id":"https:\/\/simexmed.de\/#\/schema\/logo\/image\/"}}]}},"_links":{"self":[{"href":"https:\/\/simexmed.de\/en\/wp-json\/wp\/v2\/pages\/684","targetHints":{"allow":["GET"]}}],"collection":[{"href":"https:\/\/simexmed.de\/en\/wp-json\/wp\/v2\/pages"}],"about":[{"href":"https:\/\/simexmed.de\/en\/wp-json\/wp\/v2\/types\/page"}],"author":[{"embeddable":true,"href":"https:\/\/simexmed.de\/en\/wp-json\/wp\/v2\/users\/1"}],"replies":[{"embeddable":true,"href":"https:\/\/simexmed.de\/en\/wp-json\/wp\/v2\/comments?post=684"}],"version-history":[{"count":0,"href":"https:\/\/simexmed.de\/en\/wp-json\/wp\/v2\/pages\/684\/revisions"}],"wp:attachment":[{"href":"https:\/\/simexmed.de\/en\/wp-json\/wp\/v2\/media?parent=684"}],"curies":[{"name":"wp","href":"https:\/\/api.w.org\/{rel}","templated":true}]}}