{"id":715,"date":"2018-08-07T12:42:45","date_gmt":"2018-08-07T12:42:45","guid":{"rendered":"https:\/\/simexmed.de\/?page_id=715"},"modified":"2024-08-20T13:30:23","modified_gmt":"2024-08-20T13:30:23","slug":"contact","status":"publish","type":"page","link":"https:\/\/simexmed.de\/en\/contact\/","title":{"rendered":"Contact"},"content":{"rendered":"[mk_page_section bg_image=&#8221;https:\/\/simexmed.de\/wp-content\/uploads\/2018\/06\/punkt-background.jpg&#8221; bg_position=&#8221;center center&#8221; enable_3d=&#8221;true&#8221; min_height=&#8221;0&#8243; padding_top=&#8221;0&#8243; padding_bottom=&#8221;0&#8243; sidebar=&#8221;sidebar-1&#8243;][vc_column][mk_custom_box padding_vertical=&#8221;0&#8243; padding_horizental=&#8221;0&#8243; margin_bottom=&#8221;0&#8243; min_height=&#8221;0&#8243;][vc_empty_space][vc_empty_space][\/mk_custom_box][mk_custom_box padding_vertical=&#8221;0&#8243; padding_horizental=&#8221;0&#8243; margin_bottom=&#8221;0&#8243; min_height=&#8221;0&#8243;][vc_row_inner][vc_column_inner][mk_fancy_title color=&#8221;#143055&#8243; size=&#8221;48&#8243; force_font_size=&#8221;true&#8221; size_smallscreen=&#8221;28&#8243; size_tablet=&#8221;24&#8243; size_phone=&#8221;18&#8243; font_weight=&#8221;bold&#8221; font_style=&#8221;normal&#8221; txt_transform=&#8221;none&#8221; margin_bottom=&#8221;0&#8243; font_family=&#8221;none&#8221; align=&#8221;center&#8221; animation=&#8221;fade-in&#8221;]Contact[\/mk_fancy_title][mk_fancy_title tag_name=&#8221;h3&#8243; color=&#8221;#dc8712&#8243; size=&#8221;18&#8243; force_font_size=&#8221;true&#8221; size_smallscreen=&#8221;18&#8243; size_tablet=&#8221;16&#8243; size_phone=&#8221;16&#8243; font_weight=&#8221;bold&#8221; font_style=&#8221;normal&#8221; txt_transform=&#8221;none&#8221; margin_bottom=&#8221;0&#8243; font_family=&#8221;none&#8221; align=&#8221;center&#8221; animation=&#8221;fade-in&#8221;]\n<p id=\"tw-target-text\" class=\"tw-data-text tw-ta tw-text-medium\" dir=\"ltr\" data-placeholder=\"\u00dcbersetzung\"><span lang=\"en\">We look forward to hear from you!<\/span><\/p>\n[\/mk_fancy_title][\/vc_column_inner][\/vc_row_inner][\/mk_custom_box][\/vc_column][\/mk_page_section][mk_page_section bg_image=&#8221;https:\/\/simexmed.de\/wp-content\/uploads\/2018\/06\/punkt-background.jpg&#8221; bg_position=&#8221;center center&#8221; enable_3d=&#8221;true&#8221; min_height=&#8221;0&#8243; padding_top=&#8221;0&#8243; padding_bottom=&#8221;0&#8243; sidebar=&#8221;sidebar-1&#8243;][vc_column][mk_custom_box padding_vertical=&#8221;0&#8243; padding_horizental=&#8221;0&#8243; margin_bottom=&#8221;0&#8243; min_height=&#8221;0&#8243;][vc_row_inner][vc_column_inner][vc_empty_space][\/vc_column_inner][\/vc_row_inner][\/mk_custom_box][mk_custom_box padding_vertical=&#8221;0&#8243; padding_horizental=&#8221;0&#8243; margin_bottom=&#8221;100&#8243; min_height=&#8221;0&#8243;][vc_row_inner][vc_column_inner][mk_contact_form title=&#8221;Contact us! &#8221; style=&#8221;line&#8221; button_text=&#8221;Send&#8221; email=&#8221;info@simexmed.de&#8221; gdpr_consent_text=&#8221;Ich habe die Datenschutzerkl\u00e4rung zur Kenntnis genommen. Ich stimme zu, dass meine Angaben ausschlie\u00dflich zur Beantwortung der Anfrage genutzt werden. Dar\u00fcber hinaus wird nichts weiter mit den Daten geschehen. Sie dienen keiner weiteren Verwendung und werden entsprechend nicht gespeichert.<\/p>\n<p>Sie k\u00f6nnen Ihre Einwilligung jederzeit f\u00fcr die Zukunft per E-Mail info@simexmed.de widerrufen. Ihre Daten werden nicht an Dritte weitergegeben. Wir schicken Ihnen weder Werbung noch Spam.&#8221;][\/vc_column_inner][\/vc_row_inner][\/mk_custom_box][mk_custom_box padding_vertical=&#8221;0&#8243; padding_horizental=&#8221;0&#8243; margin_bottom=&#8221;0&#8243; min_height=&#8221;0&#8243;][vc_row_inner][vc_column_inner][vc_empty_space][\/vc_column_inner][\/vc_row_inner][\/mk_custom_box][\/vc_column][\/mk_page_section]\n","protected":false},"excerpt":{"rendered":"<p>[mk_page_section bg_image=&#8221;https:\/\/simexmed.de\/wp-content\/uploads\/2018\/06\/punkt-background.jpg&#8221; bg_position=&#8221;center center&#8221; enable_3d=&#8221;true&#8221; min_height=&#8221;0&#8243; padding_top=&#8221;0&#8243; padding_bottom=&#8221;0&#8243; sidebar=&#8221;sidebar-1&#8243;][vc_column][mk_custom_box padding_vertical=&#8221;0&#8243; padding_horizental=&#8221;0&#8243; margin_bottom=&#8221;0&#8243; min_height=&#8221;0&#8243;][vc_empty_space][vc_empty_space][\/mk_custom_box][mk_custom_box padding_vertical=&#8221;0&#8243; padding_horizental=&#8221;0&#8243; margin_bottom=&#8221;0&#8243; min_height=&#8221;0&#8243;][vc_row_inner][vc_column_inner][mk_fancy_title color=&#8221;#143055&#8243; size=&#8221;48&#8243; force_font_size=&#8221;true&#8221; size_smallscreen=&#8221;28&#8243; size_tablet=&#8221;24&#8243; size_phone=&#8221;18&#8243; font_weight=&#8221;bold&#8221; font_style=&#8221;normal&#8221; txt_transform=&#8221;none&#8221; margin_bottom=&#8221;0&#8243; font_family=&#8221;none&#8221; align=&#8221;center&#8221; animation=&#8221;fade-in&#8221;]Contact[\/mk_fancy_title][mk_fancy_title tag_name=&#8221;h3&#8243; color=&#8221;#dc8712&#8243; size=&#8221;18&#8243; force_font_size=&#8221;true&#8221; size_smallscreen=&#8221;18&#8243; size_tablet=&#8221;16&#8243; size_phone=&#8221;16&#8243; font_weight=&#8221;bold&#8221; font_style=&#8221;normal&#8221; txt_transform=&#8221;none&#8221; margin_bottom=&#8221;0&#8243; font_family=&#8221;none&#8221; align=&#8221;center&#8221; animation=&#8221;fade-in&#8221;] We look forward to hear from you! [\/mk_fancy_title][\/vc_column_inner][\/vc_row_inner][\/mk_custom_box][\/vc_column][\/mk_page_section][mk_page_section bg_image=&#8221;https:\/\/simexmed.de\/wp-content\/uploads\/2018\/06\/punkt-background.jpg&#8221; bg_position=&#8221;center center&#8221; [&hellip;]<\/p>\n","protected":false},"author":1,"featured_media":0,"parent":0,"menu_order":0,"comment_status":"closed","ping_status":"closed","template":"","meta":{"footnotes":""},"class_list":["post-715","page","type-page","status-publish","hentry"],"yoast_head":"<!-- This site is optimized with the Yoast SEO plugin v26.7 - https:\/\/yoast.com\/wordpress\/plugins\/seo\/ -->\n<title>Simex Medizintechnik GmbH - Wir freuen uns auf Ihre Nachricht<\/title>\n<meta name=\"description\" content=\"Die simex Medizintechnik GmbH ist ein mittelst\u00e4ndisches Unternehmen, welches sich seit Gr\u00fcndung zu einem fachkundigen und zuverl\u00e4ssigen Partner f\u00fcr...\" \/>\n<meta name=\"robots\" content=\"index, follow, max-snippet:-1, max-image-preview:large, max-video-preview:-1\" \/>\n<link rel=\"canonical\" href=\"https:\/\/simexmed.de\/en\/contact\/\" \/>\n<meta property=\"og:locale\" content=\"en_US\" \/>\n<meta property=\"og:type\" content=\"article\" \/>\n<meta property=\"og:title\" content=\"Simex Medizintechnik GmbH - Wir freuen uns auf Ihre Nachricht\" \/>\n<meta property=\"og:description\" content=\"Die simex Medizintechnik GmbH ist ein mittelst\u00e4ndisches Unternehmen, welches sich seit Gr\u00fcndung zu einem fachkundigen und zuverl\u00e4ssigen Partner f\u00fcr...\" \/>\n<meta property=\"og:url\" content=\"https:\/\/simexmed.de\/en\/contact\/\" \/>\n<meta property=\"og:site_name\" content=\"simex Medizintechnik GmbH\" \/>\n<meta property=\"article:modified_time\" content=\"2024-08-20T13:30:23+00:00\" \/>\n<meta name=\"twitter:card\" content=\"summary_large_image\" \/>\n<meta name=\"twitter:label1\" content=\"Est. reading time\" \/>\n\t<meta name=\"twitter:data1\" content=\"1 minute\" \/>\n<script type=\"application\/ld+json\" class=\"yoast-schema-graph\">{\"@context\":\"https:\/\/schema.org\",\"@graph\":[{\"@type\":\"WebPage\",\"@id\":\"https:\/\/simexmed.de\/en\/contact\/\",\"url\":\"https:\/\/simexmed.de\/en\/contact\/\",\"name\":\"Simex Medizintechnik GmbH - Wir freuen uns auf Ihre Nachricht\",\"isPartOf\":{\"@id\":\"https:\/\/simexmed.de\/#website\"},\"datePublished\":\"2018-08-07T12:42:45+00:00\",\"dateModified\":\"2024-08-20T13:30:23+00:00\",\"description\":\"Die simex Medizintechnik GmbH ist ein mittelst\u00e4ndisches Unternehmen, welches sich seit Gr\u00fcndung zu einem fachkundigen und zuverl\u00e4ssigen Partner f\u00fcr...\",\"breadcrumb\":{\"@id\":\"https:\/\/simexmed.de\/en\/contact\/#breadcrumb\"},\"inLanguage\":\"en-US\",\"potentialAction\":[{\"@type\":\"ReadAction\",\"target\":[\"https:\/\/simexmed.de\/en\/contact\/\"]}]},{\"@type\":\"BreadcrumbList\",\"@id\":\"https:\/\/simexmed.de\/en\/contact\/#breadcrumb\",\"itemListElement\":[{\"@type\":\"ListItem\",\"position\":1,\"name\":\"Startseite\",\"item\":\"https:\/\/simexmed.de\/en\/\"},{\"@type\":\"ListItem\",\"position\":2,\"name\":\"Contact\"}]},{\"@type\":\"WebSite\",\"@id\":\"https:\/\/simexmed.de\/#website\",\"url\":\"https:\/\/simexmed.de\/\",\"name\":\"simex Medizintechnik GmbH\",\"description\":\"ist ein mittelst\u00e4ndisches Unternehmen, welches sich seit Gr\u00fcndung zu einem fachkundigen und zuverl\u00e4ssigen Partner f\u00fcr medizinische Fachkr\u00e4fte und Fachh\u00e4ndler weltweit entwickelt hat.\",\"publisher\":{\"@id\":\"https:\/\/simexmed.de\/#organization\"},\"potentialAction\":[{\"@type\":\"SearchAction\",\"target\":{\"@type\":\"EntryPoint\",\"urlTemplate\":\"https:\/\/simexmed.de\/?s={search_term_string}\"},\"query-input\":{\"@type\":\"PropertyValueSpecification\",\"valueRequired\":true,\"valueName\":\"search_term_string\"}}],\"inLanguage\":\"en-US\"},{\"@type\":\"Organization\",\"@id\":\"https:\/\/simexmed.de\/#organization\",\"name\":\"simex Medizintechnik GmbH\",\"url\":\"https:\/\/simexmed.de\/\",\"logo\":{\"@type\":\"ImageObject\",\"inLanguage\":\"en-US\",\"@id\":\"https:\/\/simexmed.de\/#\/schema\/logo\/image\/\",\"url\":\"https:\/\/simexmed.de\/wp-content\/uploads\/2018\/06\/simexmed-logo.jpg\",\"contentUrl\":\"https:\/\/simexmed.de\/wp-content\/uploads\/2018\/06\/simexmed-logo.jpg\",\"width\":198,\"height\":79,\"caption\":\"simex Medizintechnik GmbH\"},\"image\":{\"@id\":\"https:\/\/simexmed.de\/#\/schema\/logo\/image\/\"}}]}<\/script>\n<!-- \/ Yoast SEO plugin. -->","yoast_head_json":{"title":"Simex Medizintechnik GmbH - Wir freuen uns auf Ihre Nachricht","description":"Die simex Medizintechnik GmbH ist ein mittelst\u00e4ndisches Unternehmen, welches sich seit Gr\u00fcndung zu einem fachkundigen und zuverl\u00e4ssigen Partner f\u00fcr...","robots":{"index":"index","follow":"follow","max-snippet":"max-snippet:-1","max-image-preview":"max-image-preview:large","max-video-preview":"max-video-preview:-1"},"canonical":"https:\/\/simexmed.de\/en\/contact\/","og_locale":"en_US","og_type":"article","og_title":"Simex Medizintechnik GmbH - Wir freuen uns auf Ihre Nachricht","og_description":"Die simex Medizintechnik GmbH ist ein mittelst\u00e4ndisches Unternehmen, welches sich seit Gr\u00fcndung zu einem fachkundigen und zuverl\u00e4ssigen Partner f\u00fcr...","og_url":"https:\/\/simexmed.de\/en\/contact\/","og_site_name":"simex Medizintechnik GmbH","article_modified_time":"2024-08-20T13:30:23+00:00","twitter_card":"summary_large_image","twitter_misc":{"Est. reading time":"1 minute"},"schema":{"@context":"https:\/\/schema.org","@graph":[{"@type":"WebPage","@id":"https:\/\/simexmed.de\/en\/contact\/","url":"https:\/\/simexmed.de\/en\/contact\/","name":"Simex Medizintechnik GmbH - Wir freuen uns auf Ihre Nachricht","isPartOf":{"@id":"https:\/\/simexmed.de\/#website"},"datePublished":"2018-08-07T12:42:45+00:00","dateModified":"2024-08-20T13:30:23+00:00","description":"Die simex Medizintechnik GmbH ist ein mittelst\u00e4ndisches Unternehmen, welches sich seit Gr\u00fcndung zu einem fachkundigen und zuverl\u00e4ssigen Partner f\u00fcr...","breadcrumb":{"@id":"https:\/\/simexmed.de\/en\/contact\/#breadcrumb"},"inLanguage":"en-US","potentialAction":[{"@type":"ReadAction","target":["https:\/\/simexmed.de\/en\/contact\/"]}]},{"@type":"BreadcrumbList","@id":"https:\/\/simexmed.de\/en\/contact\/#breadcrumb","itemListElement":[{"@type":"ListItem","position":1,"name":"Startseite","item":"https:\/\/simexmed.de\/en\/"},{"@type":"ListItem","position":2,"name":"Contact"}]},{"@type":"WebSite","@id":"https:\/\/simexmed.de\/#website","url":"https:\/\/simexmed.de\/","name":"simex Medizintechnik GmbH","description":"ist ein mittelst\u00e4ndisches Unternehmen, welches sich seit Gr\u00fcndung zu einem fachkundigen und zuverl\u00e4ssigen Partner f\u00fcr medizinische Fachkr\u00e4fte und Fachh\u00e4ndler weltweit entwickelt hat.","publisher":{"@id":"https:\/\/simexmed.de\/#organization"},"potentialAction":[{"@type":"SearchAction","target":{"@type":"EntryPoint","urlTemplate":"https:\/\/simexmed.de\/?s={search_term_string}"},"query-input":{"@type":"PropertyValueSpecification","valueRequired":true,"valueName":"search_term_string"}}],"inLanguage":"en-US"},{"@type":"Organization","@id":"https:\/\/simexmed.de\/#organization","name":"simex Medizintechnik GmbH","url":"https:\/\/simexmed.de\/","logo":{"@type":"ImageObject","inLanguage":"en-US","@id":"https:\/\/simexmed.de\/#\/schema\/logo\/image\/","url":"https:\/\/simexmed.de\/wp-content\/uploads\/2018\/06\/simexmed-logo.jpg","contentUrl":"https:\/\/simexmed.de\/wp-content\/uploads\/2018\/06\/simexmed-logo.jpg","width":198,"height":79,"caption":"simex Medizintechnik GmbH"},"image":{"@id":"https:\/\/simexmed.de\/#\/schema\/logo\/image\/"}}]}},"_links":{"self":[{"href":"https:\/\/simexmed.de\/en\/wp-json\/wp\/v2\/pages\/715","targetHints":{"allow":["GET"]}}],"collection":[{"href":"https:\/\/simexmed.de\/en\/wp-json\/wp\/v2\/pages"}],"about":[{"href":"https:\/\/simexmed.de\/en\/wp-json\/wp\/v2\/types\/page"}],"author":[{"embeddable":true,"href":"https:\/\/simexmed.de\/en\/wp-json\/wp\/v2\/users\/1"}],"replies":[{"embeddable":true,"href":"https:\/\/simexmed.de\/en\/wp-json\/wp\/v2\/comments?post=715"}],"version-history":[{"count":14,"href":"https:\/\/simexmed.de\/en\/wp-json\/wp\/v2\/pages\/715\/revisions"}],"predecessor-version":[{"id":3104,"href":"https:\/\/simexmed.de\/en\/wp-json\/wp\/v2\/pages\/715\/revisions\/3104"}],"wp:attachment":[{"href":"https:\/\/simexmed.de\/en\/wp-json\/wp\/v2\/media?parent=715"}],"curies":[{"name":"wp","href":"https:\/\/api.w.org\/{rel}","templated":true}]}}