{"id":765,"date":"2018-08-07T13:37:49","date_gmt":"2018-08-07T13:37:49","guid":{"rendered":"https:\/\/simexmed.de\/?page_id=765"},"modified":"2021-07-13T12:21:43","modified_gmt":"2021-07-13T12:21:43","slug":"simex300","status":"publish","type":"page","link":"https:\/\/simexmed.de\/en\/simex300\/","title":{"rendered":"simex300"},"content":{"rendered":"[mk_page_section bg_image=&#8221;https:\/\/simexmed.de\/wp-content\/uploads\/2018\/06\/slider-background.jpg&#8221; bg_position=&#8221;center center&#8221; bg_repeat=&#8221;no-repeat&#8221; bg_stretch=&#8221;true&#8221; min_height=&#8221;0&#8243; padding_top=&#8221;0&#8243; padding_bottom=&#8221;0&#8243; sidebar=&#8221;sidebar-1&#8243;][vc_column][mk_custom_box padding_vertical=&#8221;0&#8243; padding_horizental=&#8221;0&#8243; margin_bottom=&#8221;0&#8243; min_height=&#8221;0&#8243;][vc_row_inner][vc_column_inner][vc_empty_space][\/vc_column_inner][\/vc_row_inner][\/mk_custom_box][mk_custom_box padding_vertical=&#8221;0&#8243; padding_horizental=&#8221;0&#8243; margin_bottom=&#8221;0&#8243; min_height=&#8221;0&#8243;][vc_row_inner][vc_column_inner][vc_empty_space height=&#8221;40px&#8221;][mk_fancy_title color=&#8221;#143055&#8243; size=&#8221;88&#8243; force_font_size=&#8221;true&#8221; size_smallscreen=&#8221;38&#8243; size_tablet=&#8221;24&#8243; size_phone=&#8221;18&#8243; font_weight=&#8221;bold&#8221; font_style=&#8221;normal&#8221; txt_transform=&#8221;none&#8221; margin_bottom=&#8221;0&#8243; font_family=&#8221;none&#8221; align=&#8221;center&#8221; el_class=&#8221;h1-title&#8221;]\n<p class=\"p2\">SIM<sup>EX300<\/sup><\/p>\n[\/mk_fancy_title][mk_fancy_title tag_name=&#8221;h3&#8243; color=&#8221;#dc8712&#8243; size=&#8221;24&#8243; force_font_size=&#8221;true&#8221; size_smallscreen=&#8221;18&#8243; size_tablet=&#8221;16&#8243; size_phone=&#8221;16&#8243; font_weight=&#8221;bold&#8221; font_style=&#8221;normal&#8221; txt_transform=&#8221;none&#8221; margin_bottom=&#8221;0&#8243; font_family=&#8221;none&#8221; align=&#8221;center&#8221; animation=&#8221;fade-in&#8221;]\n<p class=\"p1\">Negative Pressure Wound Therapy<\/p>\n[\/mk_fancy_title][\/vc_column_inner][\/vc_row_inner][\/mk_custom_box][mk_custom_box padding_vertical=&#8221;0&#8243; padding_horizental=&#8221;0&#8243; margin_bottom=&#8221;0&#8243; min_height=&#8221;0&#8243;][vc_row_inner][vc_column_inner][vc_empty_space][\/vc_column_inner][\/vc_row_inner][\/mk_custom_box][\/vc_column][\/mk_page_section][mk_page_section bg_image=&#8221;https:\/\/simexmed.de\/wp-content\/uploads\/2018\/06\/punkt-background.jpg&#8221; bg_position=&#8221;center center&#8221; enable_3d=&#8221;true&#8221; min_height=&#8221;0&#8243; padding_top=&#8221;0&#8243; padding_bottom=&#8221;0&#8243; has_bottom_shape_divider=&#8221;true&#8221; bottom_shape_size=&#8221;small&#8221; bottom_shape_color=&#8221;#ffffff&#8221; sidebar=&#8221;sidebar-1&#8243;][vc_column][mk_custom_box padding_vertical=&#8221;0&#8243; padding_horizental=&#8221;0&#8243; margin_bottom=&#8221;100&#8243; min_height=&#8221;0&#8243; visibility=&#8221;hidden-sm&#8221;][vc_empty_space][\/mk_custom_box][mk_custom_box padding_vertical=&#8221;0&#8243; padding_horizental=&#8221;0&#8243; margin_bottom=&#8221;0&#8243; min_height=&#8221;0&#8243; visibility=&#8221;visible-sm&#8221;][vc_empty_space][\/mk_custom_box][mk_custom_box padding_vertical=&#8221;0&#8243; padding_horizental=&#8221;0&#8243; margin_bottom=&#8221;0&#8243; min_height=&#8221;0&#8243;][vc_row_inner][vc_column_inner width=&#8221;1\/2&#8243;][mk_image src=&#8221;https:\/\/simexmed.de\/wp-content\/uploads\/2018\/08\/simex300-thumb.png&#8221; image_size=&#8221;full&#8221; margin_bottom=&#8221;0&#8243;][vc_empty_space height=&#8221;16px&#8221;][\/vc_column_inner][vc_column_inner width=&#8221;1\/2&#8243;][mk_fancy_title color=&#8221;#143055&#8243; size=&#8221;28&#8243; force_font_size=&#8221;true&#8221; size_smallscreen=&#8221;28&#8243; size_tablet=&#8221;24&#8243; size_phone=&#8221;18&#8243; font_weight=&#8221;bold&#8221; font_style=&#8221;normal&#8221; txt_transform=&#8221;none&#8221; margin_bottom=&#8221;0&#8243; font_family=&#8221;none&#8221; animation=&#8221;fade-in&#8221;]\n<p class=\"p1\">large volume<\/p>\n[\/mk_fancy_title][vc_separator color=&#8221;custom&#8221; align=&#8221;align_left&#8221; border_width=&#8221;4&#8243; el_width=&#8221;30&#8243; css_animation=&#8221;fadeInLeft&#8221; accent_color=&#8221;#dc8712&#8243;][mk_fancy_title tag_name=&#8221;h3&#8243; color=&#8221;#143055&#8243; size=&#8221;18&#8243; force_font_size=&#8221;true&#8221; size_smallscreen=&#8221;18&#8243; size_tablet=&#8221;16&#8243; size_phone=&#8221;16&#8243; font_weight=&#8221;bold&#8221; font_style=&#8221;normal&#8221; txt_transform=&#8221;none&#8221; margin_bottom=&#8221;0&#8243; font_family=&#8221;none&#8221; animation=&#8221;fade-in&#8221; el_class=&#8221;text-abstand&#8221;]\n<p class=\"p1\">Description<\/p>\n[\/mk_fancy_title][vc_empty_space height=&#8221;16px&#8221;][vc_column_text el_class=&#8221;text-abstand&#8221; css=&#8221;.vc_custom_1543846973196{margin-bottom: 0px !important;}&#8221;]\n<p class=\"p1\">The SIMEX300 is specially suitable for treatment of immobilised patients with acute or chronic wounds. Particularly with patient with high amount of exsudate. Especially in patients with high amount of exsudate the SIMEX300 finds it use. High capacity of the secretion container allows collection of large amounts of exsudate.<\/p>\n<p>&nbsp;<\/p>\n<ul>\n<li>Intelligent Intermittent Mode<\/li>\n<li>Virtually silent operation<\/li>\n<li>adjustable settings to meet patient requirements<\/li>\n<li>cost effective<\/li>\n<li>multiple alarm- and safety features<\/li>\n<li>easy to use<\/li>\n<\/ul>\n[\/vc_column_text][vc_empty_space height=&#8221;16px&#8221;][mk_button dimension=&#8221;flat&#8221; corner_style=&#8221;full_rounded&#8221; size=&#8221;medium&#8221; icon=&#8221;mk-moon-arrow-right-3&#8243; url=&#8221;\/en\/contact\/&#8221; margin_bottom=&#8221;10&#8243; margin_right=&#8221;0&#8243; el_class=&#8221;button-design&#8221; bg_color=&#8221;#ffffff&#8221; btn_hover_bg=&#8221;#143055&#8243; text_color=&#8221;dark&#8221; btn_hover_txt_color=&#8221;#ffffff&#8221;]Contact[\/mk_button][\/vc_column_inner][\/vc_row_inner][\/mk_custom_box][\/vc_column][\/mk_page_section][mk_page_section bg_color=&#8221;#ffffff&#8221; bg_position=&#8221;center center&#8221; min_height=&#8221;0&#8243; padding_top=&#8221;0&#8243; padding_bottom=&#8221;0&#8243; top_shape_size=&#8221;small&#8221; top_shape_bg_color=&#8221;#ffffff&#8221; bottom_shape_size=&#8221;small&#8221; bottom_shape_color=&#8221;#ffffff&#8221; bottom_shape_bg_color=&#8221;#ffffff&#8221; sidebar=&#8221;sidebar-1&#8243;][vc_column][mk_custom_box padding_vertical=&#8221;0&#8243; padding_horizental=&#8221;0&#8243; margin_bottom=&#8221;0&#8243; min_height=&#8221;0&#8243;][vc_empty_space height=&#8221;16px&#8221;][\/mk_custom_box][mk_custom_box padding_vertical=&#8221;0&#8243; padding_horizental=&#8221;0&#8243; margin_bottom=&#8221;0&#8243; min_height=&#8221;0&#8243;][vc_row_inner][vc_column_inner width=&#8221;1\/4&#8243;][mk_image src=&#8221;https:\/\/simexmed.de\/wp-content\/uploads\/2018\/06\/zeritfiziert-produkt.png&#8221; image_size=&#8221;full&#8221; align=&#8221;center&#8221; margin_bottom=&#8221;0&#8243;][vc_empty_space height=&#8221;16px&#8221;][mk_fancy_title tag_name=&#8221;h4&#8243; color=&#8221;#143055&#8243; size=&#8221;18&#8243; force_font_size=&#8221;true&#8221; size_smallscreen=&#8221;18&#8243; size_tablet=&#8221;16&#8243; size_phone=&#8221;16&#8243; font_weight=&#8221;bold&#8221; font_style=&#8221;normal&#8221; txt_transform=&#8221;none&#8221; margin_bottom=&#8221;0&#8243; font_family=&#8221;none&#8221; align=&#8221;center&#8221; animation=&#8221;fade-in&#8221;]Certified[\/mk_fancy_title][\/vc_column_inner][vc_column_inner width=&#8221;1\/4&#8243;][mk_image src=&#8221;https:\/\/simexmed.de\/wp-content\/uploads\/2018\/06\/medical-ico.png&#8221; image_size=&#8221;full&#8221; align=&#8221;center&#8221; margin_bottom=&#8221;0&#8243;][vc_empty_space height=&#8221;16px&#8221;][mk_fancy_title tag_name=&#8221;h4&#8243; color=&#8221;#143055&#8243; size=&#8221;18&#8243; force_font_size=&#8221;true&#8221; size_smallscreen=&#8221;18&#8243; size_tablet=&#8221;16&#8243; size_phone=&#8221;16&#8243; font_weight=&#8221;bold&#8221; font_style=&#8221;normal&#8221; txt_transform=&#8221;none&#8221; margin_bottom=&#8221;0&#8243; font_family=&#8221;none&#8221; align=&#8221;center&#8221; animation=&#8221;fade-in&#8221;]\n<p class=\"p1\">Light weight<\/p>\n[\/mk_fancy_title][\/vc_column_inner][vc_column_inner width=&#8221;1\/4&#8243;][mk_image src=&#8221;https:\/\/simexmed.de\/wp-content\/uploads\/2018\/06\/medi-ico2.png&#8221; image_size=&#8221;full&#8221; align=&#8221;center&#8221; margin_bottom=&#8221;0&#8243;][vc_empty_space height=&#8221;16px&#8221;][mk_fancy_title tag_name=&#8221;h4&#8243; color=&#8221;#143055&#8243; size=&#8221;18&#8243; force_font_size=&#8221;true&#8221; size_smallscreen=&#8221;18&#8243; size_tablet=&#8221;16&#8243; size_phone=&#8221;16&#8243; font_weight=&#8221;bold&#8221; font_style=&#8221;normal&#8221; txt_transform=&#8221;none&#8221; margin_bottom=&#8221;0&#8243; font_family=&#8221;none&#8221; align=&#8221;center&#8221; animation=&#8221;fade-in&#8221;]\n<p class=\"p1\">Double Filter System protects inside from contamination<\/p>\n[\/mk_fancy_title][\/vc_column_inner][vc_column_inner width=&#8221;1\/4&#8243;][mk_image src=&#8221;https:\/\/simexmed.de\/wp-content\/uploads\/2018\/06\/medi-ico3.png&#8221; image_size=&#8221;full&#8221; align=&#8221;center&#8221; margin_bottom=&#8221;0&#8243;][vc_empty_space height=&#8221;16px&#8221;][mk_fancy_title tag_name=&#8221;h4&#8243; color=&#8221;#143055&#8243; size=&#8221;18&#8243; force_font_size=&#8221;true&#8221; size_smallscreen=&#8221;18&#8243; size_tablet=&#8221;16&#8243; size_phone=&#8221;16&#8243; font_weight=&#8221;bold&#8221; font_style=&#8221;normal&#8221; txt_transform=&#8221;none&#8221; margin_bottom=&#8221;0&#8243; font_family=&#8221;none&#8221; align=&#8221;center&#8221; animation=&#8221;fade-in&#8221;]\n<p class=\"p1\">Easy to use, high security in the application<\/p>\n[\/mk_fancy_title][\/vc_column_inner][\/vc_row_inner][\/mk_custom_box][\/vc_column][\/mk_page_section][mk_page_section bg_image=&#8221;https:\/\/simexmed.de\/wp-content\/uploads\/2018\/06\/punkt-background.jpg&#8221; bg_position=&#8221;center center&#8221; enable_3d=&#8221;true&#8221; min_height=&#8221;0&#8243; padding_top=&#8221;0&#8243; padding_bottom=&#8221;0&#8243; has_top_shape_divider=&#8221;true&#8221; top_shape_size=&#8221;small&#8221; bottom_shape_size=&#8221;small&#8221; bottom_shape_color=&#8221;#ffffff&#8221; sidebar=&#8221;sidebar-1&#8243;][vc_column][mk_custom_box padding_vertical=&#8221;0&#8243; padding_horizental=&#8221;0&#8243; margin_bottom=&#8221;0&#8243; min_height=&#8221;0&#8243;][vc_row_inner][vc_column_inner][vc_empty_space][\/vc_column_inner][\/vc_row_inner][\/mk_custom_box][mk_custom_box padding_vertical=&#8221;0&#8243; padding_horizental=&#8221;0&#8243; margin_bottom=&#8221;30&#8243; min_height=&#8221;0&#8243;][vc_row_inner][vc_column_inner][mk_fancy_title tag_name=&#8221;h3&#8243; color=&#8221;#4b4b4d&#8221; size=&#8221;28&#8243; force_font_size=&#8221;true&#8221; size_smallscreen=&#8221;18&#8243; size_tablet=&#8221;16&#8243; size_phone=&#8221;16&#8243; font_weight=&#8221;bold&#8221; font_style=&#8221;normal&#8221; txt_transform=&#8221;none&#8221; margin_bottom=&#8221;0&#8243; font_family=&#8221;none&#8221; align=&#8221;center&#8221;]Documents for download[\/mk_fancy_title][vc_separator color=&#8221;custom&#8221; border_width=&#8221;5&#8243; el_width=&#8221;20&#8243; css_animation=&#8221;fadeInDown&#8221; accent_color=&#8221;#dc8712&#8243;][\/vc_column_inner][\/vc_row_inner][\/mk_custom_box][mk_custom_box padding_vertical=&#8221;0&#8243; padding_horizental=&#8221;0&#8243; margin_bottom=&#8221;0&#8243; min_height=&#8221;0&#8243;][vc_row_inner][vc_column_inner][mk_button dimension=&#8221;flat&#8221; url=&#8221;https:\/\/simexmed.de\/en\/download\/&#8221; align=&#8221;center&#8221; margin_bottom=&#8221;10&#8243; margin_right=&#8221;0&#8243; bg_color=&#8221;#143055&#8243; btn_hover_bg=&#8221;#dc8712&#8243;]Click Here[\/mk_button][\/vc_column_inner][\/vc_row_inner][\/mk_custom_box][mk_custom_box padding_vertical=&#8221;0&#8243; padding_horizental=&#8221;0&#8243; margin_bottom=&#8221;0&#8243; min_height=&#8221;0&#8243;][vc_row_inner][vc_column_inner][vc_empty_space][vc_empty_space][\/vc_column_inner][\/vc_row_inner][\/mk_custom_box][\/vc_column][\/mk_page_section]\n","protected":false},"excerpt":{"rendered":"<p>[mk_page_section bg_image=&#8221;https:\/\/simexmed.de\/wp-content\/uploads\/2018\/06\/slider-background.jpg&#8221; bg_position=&#8221;center center&#8221; bg_repeat=&#8221;no-repeat&#8221; bg_stretch=&#8221;true&#8221; min_height=&#8221;0&#8243; padding_top=&#8221;0&#8243; padding_bottom=&#8221;0&#8243; sidebar=&#8221;sidebar-1&#8243;][vc_column][mk_custom_box padding_vertical=&#8221;0&#8243; padding_horizental=&#8221;0&#8243; margin_bottom=&#8221;0&#8243; min_height=&#8221;0&#8243;][vc_row_inner][vc_column_inner][vc_empty_space][\/vc_column_inner][\/vc_row_inner][\/mk_custom_box][mk_custom_box padding_vertical=&#8221;0&#8243; padding_horizental=&#8221;0&#8243; margin_bottom=&#8221;0&#8243; min_height=&#8221;0&#8243;][vc_row_inner][vc_column_inner][vc_empty_space height=&#8221;40px&#8221;][mk_fancy_title color=&#8221;#143055&#8243; size=&#8221;88&#8243; force_font_size=&#8221;true&#8221; size_smallscreen=&#8221;38&#8243; size_tablet=&#8221;24&#8243; size_phone=&#8221;18&#8243; font_weight=&#8221;bold&#8221; font_style=&#8221;normal&#8221; txt_transform=&#8221;none&#8221; margin_bottom=&#8221;0&#8243; font_family=&#8221;none&#8221; align=&#8221;center&#8221; el_class=&#8221;h1-title&#8221;] SIMEX300 [\/mk_fancy_title][mk_fancy_title tag_name=&#8221;h3&#8243; color=&#8221;#dc8712&#8243; size=&#8221;24&#8243; force_font_size=&#8221;true&#8221; size_smallscreen=&#8221;18&#8243; size_tablet=&#8221;16&#8243; size_phone=&#8221;16&#8243; font_weight=&#8221;bold&#8221; font_style=&#8221;normal&#8221; txt_transform=&#8221;none&#8221; margin_bottom=&#8221;0&#8243; font_family=&#8221;none&#8221; align=&#8221;center&#8221; animation=&#8221;fade-in&#8221;] Negative Pressure Wound Therapy [\/mk_fancy_title][\/vc_column_inner][\/vc_row_inner][\/mk_custom_box][mk_custom_box padding_vertical=&#8221;0&#8243; padding_horizental=&#8221;0&#8243; [&hellip;]<\/p>\n","protected":false},"author":1,"featured_media":0,"parent":0,"menu_order":0,"comment_status":"closed","ping_status":"closed","template":"","meta":{"footnotes":""},"class_list":["post-765","page","type-page","status-publish","hentry"],"yoast_head":"<!-- This site is optimized with the Yoast SEO plugin v26.7 - https:\/\/yoast.com\/wordpress\/plugins\/seo\/ -->\n<title>Simex Medizintechnik GmbH - Moderne Wundversorgung von mobilen Patienten<\/title>\n<meta name=\"description\" content=\"Der SIM EX200 erf\u00fcllt die besonderen Anforderungen bei der Unterdruck-Wundtherapie von mobilen Patienten. Er ist hervorragend geeignet bei Patienten...\" \/>\n<meta name=\"robots\" content=\"index, follow, max-snippet:-1, max-image-preview:large, max-video-preview:-1\" \/>\n<link rel=\"canonical\" href=\"https:\/\/simexmed.de\/en\/simex300\/\" \/>\n<meta property=\"og:locale\" content=\"en_US\" \/>\n<meta property=\"og:type\" content=\"article\" \/>\n<meta property=\"og:title\" content=\"Simex Medizintechnik GmbH - Moderne Wundversorgung von mobilen Patienten\" \/>\n<meta property=\"og:description\" content=\"Der SIM EX200 erf\u00fcllt die besonderen Anforderungen bei der Unterdruck-Wundtherapie von mobilen Patienten. Er ist hervorragend geeignet bei Patienten...\" \/>\n<meta property=\"og:url\" content=\"https:\/\/simexmed.de\/en\/simex300\/\" \/>\n<meta property=\"og:site_name\" content=\"simex Medizintechnik GmbH\" \/>\n<meta property=\"article:modified_time\" content=\"2021-07-13T12:21:43+00:00\" \/>\n<meta name=\"twitter:card\" content=\"summary_large_image\" \/>\n<meta name=\"twitter:label1\" content=\"Est. reading time\" \/>\n\t<meta name=\"twitter:data1\" content=\"6 minutes\" \/>\n<script type=\"application\/ld+json\" class=\"yoast-schema-graph\">{\"@context\":\"https:\/\/schema.org\",\"@graph\":[{\"@type\":\"WebPage\",\"@id\":\"https:\/\/simexmed.de\/en\/simex300\/\",\"url\":\"https:\/\/simexmed.de\/en\/simex300\/\",\"name\":\"Simex Medizintechnik GmbH - Moderne Wundversorgung von mobilen Patienten\",\"isPartOf\":{\"@id\":\"https:\/\/simexmed.de\/#website\"},\"datePublished\":\"2018-08-07T13:37:49+00:00\",\"dateModified\":\"2021-07-13T12:21:43+00:00\",\"description\":\"Der SIM EX200 erf\u00fcllt die besonderen Anforderungen bei der Unterdruck-Wundtherapie von mobilen Patienten. Er ist hervorragend geeignet bei Patienten...\",\"breadcrumb\":{\"@id\":\"https:\/\/simexmed.de\/en\/simex300\/#breadcrumb\"},\"inLanguage\":\"en-US\",\"potentialAction\":[{\"@type\":\"ReadAction\",\"target\":[\"https:\/\/simexmed.de\/en\/simex300\/\"]}]},{\"@type\":\"BreadcrumbList\",\"@id\":\"https:\/\/simexmed.de\/en\/simex300\/#breadcrumb\",\"itemListElement\":[{\"@type\":\"ListItem\",\"position\":1,\"name\":\"Startseite\",\"item\":\"https:\/\/simexmed.de\/en\/\"},{\"@type\":\"ListItem\",\"position\":2,\"name\":\"simex300\"}]},{\"@type\":\"WebSite\",\"@id\":\"https:\/\/simexmed.de\/#website\",\"url\":\"https:\/\/simexmed.de\/\",\"name\":\"simex Medizintechnik GmbH\",\"description\":\"ist ein mittelst\u00e4ndisches Unternehmen, welches sich seit Gr\u00fcndung zu einem fachkundigen und zuverl\u00e4ssigen Partner f\u00fcr medizinische Fachkr\u00e4fte und Fachh\u00e4ndler weltweit entwickelt hat.\",\"publisher\":{\"@id\":\"https:\/\/simexmed.de\/#organization\"},\"potentialAction\":[{\"@type\":\"SearchAction\",\"target\":{\"@type\":\"EntryPoint\",\"urlTemplate\":\"https:\/\/simexmed.de\/?s={search_term_string}\"},\"query-input\":{\"@type\":\"PropertyValueSpecification\",\"valueRequired\":true,\"valueName\":\"search_term_string\"}}],\"inLanguage\":\"en-US\"},{\"@type\":\"Organization\",\"@id\":\"https:\/\/simexmed.de\/#organization\",\"name\":\"simex Medizintechnik GmbH\",\"url\":\"https:\/\/simexmed.de\/\",\"logo\":{\"@type\":\"ImageObject\",\"inLanguage\":\"en-US\",\"@id\":\"https:\/\/simexmed.de\/#\/schema\/logo\/image\/\",\"url\":\"https:\/\/simexmed.de\/wp-content\/uploads\/2018\/06\/simexmed-logo.jpg\",\"contentUrl\":\"https:\/\/simexmed.de\/wp-content\/uploads\/2018\/06\/simexmed-logo.jpg\",\"width\":198,\"height\":79,\"caption\":\"simex Medizintechnik GmbH\"},\"image\":{\"@id\":\"https:\/\/simexmed.de\/#\/schema\/logo\/image\/\"}}]}<\/script>\n<!-- \/ Yoast SEO plugin. -->","yoast_head_json":{"title":"Simex Medizintechnik GmbH - Moderne Wundversorgung von mobilen Patienten","description":"Der SIM EX200 erf\u00fcllt die besonderen Anforderungen bei der Unterdruck-Wundtherapie von mobilen Patienten. Er ist hervorragend geeignet bei Patienten...","robots":{"index":"index","follow":"follow","max-snippet":"max-snippet:-1","max-image-preview":"max-image-preview:large","max-video-preview":"max-video-preview:-1"},"canonical":"https:\/\/simexmed.de\/en\/simex300\/","og_locale":"en_US","og_type":"article","og_title":"Simex Medizintechnik GmbH - Moderne Wundversorgung von mobilen Patienten","og_description":"Der SIM EX200 erf\u00fcllt die besonderen Anforderungen bei der Unterdruck-Wundtherapie von mobilen Patienten. Er ist hervorragend geeignet bei Patienten...","og_url":"https:\/\/simexmed.de\/en\/simex300\/","og_site_name":"simex Medizintechnik GmbH","article_modified_time":"2021-07-13T12:21:43+00:00","twitter_card":"summary_large_image","twitter_misc":{"Est. reading time":"6 minutes"},"schema":{"@context":"https:\/\/schema.org","@graph":[{"@type":"WebPage","@id":"https:\/\/simexmed.de\/en\/simex300\/","url":"https:\/\/simexmed.de\/en\/simex300\/","name":"Simex Medizintechnik GmbH - Moderne Wundversorgung von mobilen Patienten","isPartOf":{"@id":"https:\/\/simexmed.de\/#website"},"datePublished":"2018-08-07T13:37:49+00:00","dateModified":"2021-07-13T12:21:43+00:00","description":"Der SIM EX200 erf\u00fcllt die besonderen Anforderungen bei der Unterdruck-Wundtherapie von mobilen Patienten. Er ist hervorragend geeignet bei Patienten...","breadcrumb":{"@id":"https:\/\/simexmed.de\/en\/simex300\/#breadcrumb"},"inLanguage":"en-US","potentialAction":[{"@type":"ReadAction","target":["https:\/\/simexmed.de\/en\/simex300\/"]}]},{"@type":"BreadcrumbList","@id":"https:\/\/simexmed.de\/en\/simex300\/#breadcrumb","itemListElement":[{"@type":"ListItem","position":1,"name":"Startseite","item":"https:\/\/simexmed.de\/en\/"},{"@type":"ListItem","position":2,"name":"simex300"}]},{"@type":"WebSite","@id":"https:\/\/simexmed.de\/#website","url":"https:\/\/simexmed.de\/","name":"simex Medizintechnik GmbH","description":"ist ein mittelst\u00e4ndisches Unternehmen, welches sich seit Gr\u00fcndung zu einem fachkundigen und zuverl\u00e4ssigen Partner f\u00fcr medizinische Fachkr\u00e4fte und Fachh\u00e4ndler weltweit entwickelt hat.","publisher":{"@id":"https:\/\/simexmed.de\/#organization"},"potentialAction":[{"@type":"SearchAction","target":{"@type":"EntryPoint","urlTemplate":"https:\/\/simexmed.de\/?s={search_term_string}"},"query-input":{"@type":"PropertyValueSpecification","valueRequired":true,"valueName":"search_term_string"}}],"inLanguage":"en-US"},{"@type":"Organization","@id":"https:\/\/simexmed.de\/#organization","name":"simex Medizintechnik GmbH","url":"https:\/\/simexmed.de\/","logo":{"@type":"ImageObject","inLanguage":"en-US","@id":"https:\/\/simexmed.de\/#\/schema\/logo\/image\/","url":"https:\/\/simexmed.de\/wp-content\/uploads\/2018\/06\/simexmed-logo.jpg","contentUrl":"https:\/\/simexmed.de\/wp-content\/uploads\/2018\/06\/simexmed-logo.jpg","width":198,"height":79,"caption":"simex Medizintechnik GmbH"},"image":{"@id":"https:\/\/simexmed.de\/#\/schema\/logo\/image\/"}}]}},"_links":{"self":[{"href":"https:\/\/simexmed.de\/en\/wp-json\/wp\/v2\/pages\/765","targetHints":{"allow":["GET"]}}],"collection":[{"href":"https:\/\/simexmed.de\/en\/wp-json\/wp\/v2\/pages"}],"about":[{"href":"https:\/\/simexmed.de\/en\/wp-json\/wp\/v2\/types\/page"}],"author":[{"embeddable":true,"href":"https:\/\/simexmed.de\/en\/wp-json\/wp\/v2\/users\/1"}],"replies":[{"embeddable":true,"href":"https:\/\/simexmed.de\/en\/wp-json\/wp\/v2\/comments?post=765"}],"version-history":[{"count":1,"href":"https:\/\/simexmed.de\/en\/wp-json\/wp\/v2\/pages\/765\/revisions"}],"predecessor-version":[{"id":2545,"href":"https:\/\/simexmed.de\/en\/wp-json\/wp\/v2\/pages\/765\/revisions\/2545"}],"wp:attachment":[{"href":"https:\/\/simexmed.de\/en\/wp-json\/wp\/v2\/media?parent=765"}],"curies":[{"name":"wp","href":"https:\/\/api.w.org\/{rel}","templated":true}]}}